{"id":2069,"date":"2020-07-09T20:54:09","date_gmt":"2020-07-09T20:54:09","guid":{"rendered":"http:\/\/demo.zantetheme.com\/?page_id=2069"},"modified":"2025-04-27T09:48:14","modified_gmt":"2025-04-27T12:48:14","slug":"cliente","status":"publish","type":"page","link":"https:\/\/hotelvilladotanque.com.br\/es\/cliente\/","title":{"rendered":"Cuenta"},"content":{"rendered":"<div data-elementor-type=\"wp-page\" data-elementor-id=\"2069\" class=\"elementor elementor-2069\" data-elementor-post-type=\"page\">\n\t\t\t\t<div class=\"elementor-element elementor-element-6697716 e-flex e-con-boxed e-con e-parent\" data-id=\"6697716\" data-element_type=\"container\" data-settings=\"{&quot;background_background&quot;:&quot;classic&quot;}\">\n\t\t\t\t\t<div class=\"e-con-inner\">\n\t\t<div class=\"elementor-element elementor-element-f9c2428 e-con-full e-flex e-con e-child\" data-id=\"f9c2428\" data-element_type=\"container\">\n\t\t\t\t<\/div>\n\t\t\t\t\t<\/div>\n\t\t\t\t<\/div>\n\t\t<div class=\"elementor-element elementor-element-3a4e779 e-flex e-con-boxed e-con e-parent\" data-id=\"3a4e779\" data-element_type=\"container\" data-settings=\"{&quot;background_background&quot;:&quot;classic&quot;}\">\n\t\t\t\t\t<div class=\"e-con-inner\">\n\t\t<div class=\"elementor-element elementor-element-7b71784 e-con-full e-flex e-con e-child\" data-id=\"7b71784\" data-element_type=\"container\">\n\t\t<div class=\"elementor-element elementor-element-13f434a e-con-full jkit-sticky-element--enabled e-flex jkit-sticky-element-on--down jkit-sticky-position--sticky e-con e-child\" data-id=\"13f434a\" data-element_type=\"container\" data-settings=\"{&quot;jkit_sticky_device&quot;:&quot;desktop&quot;,&quot;jkit_sticky_top_position&quot;:{&quot;unit&quot;:&quot;px&quot;,&quot;size&quot;:0,&quot;sizes&quot;:[]}}\">\n\t\t\t\t<div class=\"elementor-element elementor-element-a3ffa39 elementor-widget elementor-widget-text-editor\" data-id=\"a3ffa39\" data-element_type=\"widget\" data-widget_type=\"text-editor.default\">\n\t\t\t\t<div class=\"elementor-widget-container\">\n\t\t\t\t\t\t\t\t\tAqu\u00ed podr\u00e1s seguir todos los detalles de tus reservas. Consulta fechas, alojamientos y aprovecha para planificar tu experiencia con nosotros.\t\t\t\t\t\t\t\t<\/div>\n\t\t\t\t<\/div>\n\t\t\t\t<\/div>\n\t\t\t\t<\/div>\n\t\t\t\t\t<\/div>\n\t\t\t\t<\/div>\n\t\t<div class=\"elementor-element elementor-element-24c5ba3 e-flex e-con-boxed e-con e-parent\" data-id=\"24c5ba3\" data-element_type=\"container\">\n\t\t\t\t\t<div class=\"e-con-inner\">\n\t\t\t\t<div class=\"elementor-element elementor-element-f7b0953 elementor-widget__width-inherit elementor-widget elementor-widget-shortcode\" data-id=\"f7b0953\" data-element_type=\"widget\" data-widget_type=\"shortcode.default\">\n\t\t\t\t<div class=\"elementor-widget-container\">\n\t\t\t\t\t\t\t<div class=\"elementor-shortcode\">\n<div class=\"wrap plugin-container\">\n\n\t\n\t\n\t\r\n<form action=\"https:\/\/hotelvilladotanque.com.br\/es\/cliente\/?option=com_vikbooking&#038;view=orderslist\" method=\"post\" data-trp-original-action=\"https:\/\/hotelvilladotanque.com.br\/es\/cliente\/?option=com_vikbooking&amp;view=orderslist\">\r\n\t<div class=\"vbsearchorderdiv\">\r\n\t\t<div class=\"vbsearchorderinner\">\r\n\t\t\t<span class=\"vbsearchordertitle\">Buscar Reservas<\/span>\r\n\t\t<\/div>\r\n\t\t<div class=\"vbo-bookings-list-search\">\r\n\t\t\t<span>N\u00famero de confirmaci\u00f3n o c\u00f3digo PIN<\/span>\r\n\t\t\t<input type=\"text\" name=\"confirmnumber\" value=\"\" size=\"12\"\/> \r\n\t\t\t<input type=\"submit\" class=\"btn vbsearchordersubmit vbo-pref-color-btn\" name=\"vbsearchorder\" value=\"Buscar\"\/>\r\n\t\t<\/div>\r\n\t<\/div>\r\n<input type=\"hidden\" name=\"trp-form-language\" value=\"es\"\/><\/form>\r\n\r\n\n<\/div>\n<\/div>\n\t\t\t\t\t\t<\/div>\n\t\t\t\t<\/div>\n\t\t\t\t\t<\/div>\n\t\t\t\t<\/div>\n\t\t\t\t<\/div>","protected":false},"excerpt":{"rendered":"<p>Aqu\u00ed podr\u00e1s seguir todos los detalles de tus reservas. Consulta fechas, alojamientos y aprovecha para planificar tu experiencia con nosotros.<\/p>","protected":false},"author":1,"featured_media":0,"parent":0,"menu_order":0,"comment_status":"closed","ping_status":"closed","template":"","meta":{"footnotes":""},"class_list":["post-2069","page","type-page","status-publish","hentry"],"_links":{"self":[{"href":"https:\/\/hotelvilladotanque.com.br\/es\/wp-json\/wp\/v2\/pages\/2069","targetHints":{"allow":["GET"]}}],"collection":[{"href":"https:\/\/hotelvilladotanque.com.br\/es\/wp-json\/wp\/v2\/pages"}],"about":[{"href":"https:\/\/hotelvilladotanque.com.br\/es\/wp-json\/wp\/v2\/types\/page"}],"author":[{"embeddable":true,"href":"https:\/\/hotelvilladotanque.com.br\/es\/wp-json\/wp\/v2\/users\/1"}],"replies":[{"embeddable":true,"href":"https:\/\/hotelvilladotanque.com.br\/es\/wp-json\/wp\/v2\/comments?post=2069"}],"version-history":[{"count":25,"href":"https:\/\/hotelvilladotanque.com.br\/es\/wp-json\/wp\/v2\/pages\/2069\/revisions"}],"predecessor-version":[{"id":4364,"href":"https:\/\/hotelvilladotanque.com.br\/es\/wp-json\/wp\/v2\/pages\/2069\/revisions\/4364"}],"wp:attachment":[{"href":"https:\/\/hotelvilladotanque.com.br\/es\/wp-json\/wp\/v2\/media?parent=2069"}],"curies":[{"name":"wp","href":"https:\/\/api.w.org\/{rel}","templated":true}]}}