{"id":77,"date":"2018-02-18T16:40:00","date_gmt":"2018-02-18T16:40:00","guid":{"rendered":"http:\/\/demo.zantetheme.com\/?page_id=77"},"modified":"2025-09-01T19:14:47","modified_gmt":"2025-09-01T22:14:47","slug":"blog","status":"publish","type":"page","link":"https:\/\/hotelvilladotanque.com.br\/es\/blog\/","title":{"rendered":"Blog"},"content":{"rendered":"<div data-elementor-type=\"wp-page\" data-elementor-id=\"77\" class=\"elementor elementor-77\" data-elementor-post-type=\"page\">\n\t\t\t\t<div class=\"elementor-element elementor-element-310e1fe e-flex e-con-boxed e-con e-parent\" data-id=\"310e1fe\" data-element_type=\"container\" data-settings=\"{&quot;background_background&quot;:&quot;classic&quot;}\">\n\t\t\t\t\t<div class=\"e-con-inner\">\n\t\t<div class=\"elementor-element elementor-element-e2c4c83 e-con-full e-flex e-con e-child\" data-id=\"e2c4c83\" data-element_type=\"container\">\n\t\t\t\t<\/div>\n\t\t\t\t\t<\/div>\n\t\t\t\t<\/div>\n\t\t<div class=\"elementor-element elementor-element-2221382 e-flex e-con-boxed e-con e-parent\" data-id=\"2221382\" data-element_type=\"container\" data-settings=\"{&quot;background_background&quot;:&quot;classic&quot;}\">\n\t\t\t\t\t<div class=\"e-con-inner\">\n\t\t<div class=\"elementor-element elementor-element-75d88d8 e-con-full e-flex e-con e-child\" data-id=\"75d88d8\" data-element_type=\"container\">\n\t\t<div class=\"elementor-element elementor-element-c020052 e-con-full jkit-sticky-element--enabled e-flex jkit-sticky-element-on--down jkit-sticky-position--sticky e-con e-child\" data-id=\"c020052\" data-element_type=\"container\" data-settings=\"{&quot;jkit_sticky_device&quot;:&quot;desktop&quot;,&quot;jkit_sticky_top_position&quot;:{&quot;unit&quot;:&quot;px&quot;,&quot;size&quot;:0,&quot;sizes&quot;:[]}}\">\n\t\t\t\t<div class=\"elementor-element elementor-element-68bab9b elementor-widget elementor-widget-text-editor\" data-id=\"68bab9b\" data-element_type=\"widget\" data-widget_type=\"text-editor.default\">\n\t\t\t\t<div class=\"elementor-widget-container\">\n\t\t\t\t\t\t\t\t\tDescubre consejos de viaje, curiosidades y novedades en nuestro blog. Insp\u00edrate para vivir experiencias \u00fanicas rodeado de historia y naturaleza.\t\t\t\t\t\t\t\t<\/div>\n\t\t\t\t<\/div>\n\t\t\t\t<\/div>\n\t\t\t\t<\/div>\n\t\t\t\t\t<\/div>\n\t\t\t\t<\/div>\n\t\t<div class=\"elementor-element elementor-element-f295efb e-flex e-con-boxed e-con e-parent\" data-id=\"f295efb\" data-element_type=\"container\">\n\t\t\t\t\t<div class=\"e-con-inner\">\n\t\t<div class=\"elementor-element elementor-element-71e5758 e-con-full e-flex e-con e-child\" data-id=\"71e5758\" data-element_type=\"container\">\n\t\t<div class=\"elementor-element elementor-element-45e6518 e-con-full jkit-sticky-element--enabled e-flex jkit-sticky-element-on--down jkit-sticky-position--sticky e-con e-child\" data-id=\"45e6518\" data-element_type=\"container\" data-settings=\"{&quot;jkit_sticky_device&quot;:&quot;desktop&quot;,&quot;jkit_sticky_top_position&quot;:{&quot;unit&quot;:&quot;px&quot;,&quot;size&quot;:0,&quot;sizes&quot;:[]}}\">\n\t\t\t\t<div class=\"elementor-element elementor-element-00432b2 elementor-widget elementor-widget-jkit_post_block\" data-id=\"00432b2\" data-element_type=\"widget\" data-widget_type=\"jkit_post_block.default\">\n\t\t\t\t<div class=\"elementor-widget-container\">\n\t\t\t\t\t<div  class=\"jeg-elementor-kit jkit-postblock postblock-type-2 jkit-pagination-scrollload post-element jeg_module___69d06df9c8c0c\"  data-id=\"jeg_module___69d06df9c8c0c\" data-settings=\"{&quot;post_type&quot;:&quot;post&quot;,&quot;number_post&quot;:{&quot;unit&quot;:&quot;px&quot;,&quot;size&quot;:30,&quot;sizes&quot;:[]},&quot;post_offset&quot;:0,&quot;unique_content&quot;:&quot;disable&quot;,&quot;include_post&quot;:&quot;&quot;,&quot;exclude_post&quot;:&quot;&quot;,&quot;include_category&quot;:&quot;&quot;,&quot;exclude_category&quot;:&quot;&quot;,&quot;include_author&quot;:&quot;&quot;,&quot;include_tag&quot;:&quot;&quot;,&quot;exclude_tag&quot;:&quot;&quot;,&quot;sort_by&quot;:&quot;latest&quot;,&quot;pagination_mode&quot;:&quot;scrollload&quot;,&quot;pagination_loadmore_text&quot;:&quot;Carregar Mais&quot;,&quot;pagination_loading_text&quot;:&quot;Carregando...&quot;,&quot;pagination_number_post&quot;:{&quot;unit&quot;:&quot;px&quot;,&quot;size&quot;:3,&quot;sizes&quot;:[]},&quot;pagination_scroll_limit&quot;:0,&quot;pagination_icon&quot;:{&quot;value&quot;:&quot;&quot;,&quot;library&quot;:&quot;&quot;},&quot;pagination_icon_position&quot;:&quot;before&quot;,&quot;st_category_position&quot;:&quot;center&quot;,&quot;sg_content_postblock_type&quot;:&quot;type-2&quot;,&quot;sg_content_element_order&quot;:&quot;title,meta,excerpt,read&quot;,&quot;sg_content_breakpoint&quot;:&quot;tablet&quot;,&quot;sg_content_title_html_tag&quot;:&quot;p&quot;,&quot;sg_content_category_enable&quot;:&quot;&quot;,&quot;sg_content_excerpt_enable&quot;:&quot;yes&quot;,&quot;sg_content_excerpt_length&quot;:{&quot;unit&quot;:&quot;px&quot;,&quot;size&quot;:20,&quot;sizes&quot;:[]},&quot;sg_content_excerpt_more&quot;:&quot;...&quot;,&quot;sg_content_readmore_enable&quot;:&quot;yes&quot;,&quot;sg_content_readmore_icon&quot;:{&quot;value&quot;:&quot;fas fa-arrow-right&quot;,&quot;library&quot;:&quot;fa-solid&quot;},&quot;sg_content_readmore_icon_position&quot;:&quot;after&quot;,&quot;sg_content_readmore_text&quot;:&quot;Leia Mais&quot;,&quot;sg_content_comment_enable&quot;:&quot;&quot;,&quot;sg_content_comment_icon&quot;:{&quot;value&quot;:&quot;fas fa-comment&quot;,&quot;library&quot;:&quot;fa-solid&quot;},&quot;sg_content_comment_icon_position&quot;:&quot;before&quot;,&quot;sg_content_meta_enable&quot;:&quot;yes&quot;,&quot;sg_content_meta_author_enable&quot;:&quot;yes&quot;,&quot;sg_content_meta_author_by_text&quot;:&quot;&quot;,&quot;sg_content_meta_author_icon&quot;:{&quot;value&quot;:&quot;&quot;,&quot;library&quot;:&quot;&quot;},&quot;sg_content_meta_author_icon_position&quot;:&quot;before&quot;,&quot;sg_content_meta_date_enable&quot;:&quot;yes&quot;,&quot;sg_content_meta_date_type&quot;:&quot;published&quot;,&quot;sg_content_meta_date_format&quot;:&quot;default&quot;,&quot;sg_content_meta_date_format_custom&quot;:&quot;d\\\/m\\\/Y&quot;,&quot;sg_content_meta_date_icon&quot;:{&quot;value&quot;:&quot;fas fa-clock&quot;,&quot;library&quot;:&quot;fa-solid&quot;},&quot;sg_content_meta_date_icon_position&quot;:&quot;before&quot;,&quot;sg_content_image_size_imagesize_size&quot;:&quot;full&quot;,&quot;paged&quot;:1,&quot;class&quot;:&quot;jkit_post_block&quot;}\"><div class=\"jkit-block-container\"><div class=\"jkit-posts jkit-ajax-flag\">\n            <article class=\"jkit-post post-2302 post type-post status-publish format-standard has-post-thumbnail hentry category-artigos\">\n                    <div class=\"jkit-thumb\"><a aria-label=\"Wi-Fi disponible en todos los puntos con tecnolog\u00eda Starlink\" href=\"https:\/\/hotelvilladotanque.com.br\/es\/artigos\/wi-fi-disponivel-em-todos-os-pontos-com-tecnologia-starlink\/\"><div class=\"thumbnail-container\">\n            <img loading=\"lazy\" decoding=\"async\" width=\"728\" height=\"410\" src=\"https:\/\/hotelvilladotanque.com.br\/wp-content\/uploads\/2024\/11\/starlink-satellite-antenna-radar-internet-hd-wallpaper-preview.jpg\" class=\"attachment-full size-full wp-post-image\" alt=\"\" srcset=\"https:\/\/hotelvilladotanque.com.br\/wp-content\/uploads\/2024\/11\/starlink-satellite-antenna-radar-internet-hd-wallpaper-preview.jpg 728w, https:\/\/hotelvilladotanque.com.br\/wp-content\/uploads\/2024\/11\/starlink-satellite-antenna-radar-internet-hd-wallpaper-preview-300x169.jpg 300w, https:\/\/hotelvilladotanque.com.br\/wp-content\/uploads\/2024\/11\/starlink-satellite-antenna-radar-internet-hd-wallpaper-preview-80x45.jpg 80w, https:\/\/hotelvilladotanque.com.br\/wp-content\/uploads\/2024\/11\/starlink-satellite-antenna-radar-internet-hd-wallpaper-preview-18x10.jpg 18w\" sizes=\"auto, (max-width: 728px) 100vw, 728px\" \/>\n        <\/div><\/a><\/div>\n                    <div class=\"jkit-postblock-content\"><p class=\"jkit-post-title\">\n\t\t\t\t\t\t\t<a href=\"https:\/\/hotelvilladotanque.com.br\/es\/artigos\/wi-fi-disponivel-em-todos-os-pontos-com-tecnologia-starlink\/\">Wi-Fi disponible en todos los puntos con tecnolog\u00eda Starlink<\/a>\n\t\t\t\t\t\t<\/p><div class=\"jkit-post-meta\"><div class=\"jkit-meta-author icon-position-before\"><span class=\"by\"><\/span><a href=\"https:\/\/hotelvilladotanque.com.br\/es\/author\/villadotanque\/\">Hotel Villa do Tanque<\/a><\/div><div class=\"jkit-meta-date icon-position-before\"><svg aria-hidden=\"true\" class=\"e-font-icon-svg e-fas-clock\" viewbox=\"0 0 512 512\" xmlns=\"http:\/\/www.w3.org\/2000\/svg\"><path d=\"M256,8C119,8,8,119,8,256S119,504,256,504,504,393,504,256,393,8,256,8Zm92.49,313h0l-20,25a16,16,0,0,1-22.49,2.5h0l-67-49.72a40,40,0,0,1-15-31.23V112a16,16,0,0,1,16-16h32a16,16,0,0,1,16,16V256l58,42.5A16,16,0,0,1,348.49,321Z\"><\/path><\/svg>11\/11\/2024<\/div><\/div><div class=\"jkit-post-excerpt\"><p>En Hotel Villa do Tanque entendemos que la conectividad es esencial, ya sea para el trabajo, el entretenimiento o la comunicaci\u00f3n con familiares y amigos.<\/p><\/div><div class=\"jkit-post-meta-bottom\">\n\t\t\t\t\t\t\t<div class=\"jkit-meta-readmore icon-position-after\">\n                <a title=\"Wi-Fi disponible en todos los puntos con tecnolog\u00eda Starlink\" href=\"https:\/\/hotelvilladotanque.com.br\/es\/artigos\/wi-fi-disponivel-em-todos-os-pontos-com-tecnologia-starlink\/\" class=\"jkit-readmore\">Leer m\u00e1s<svg aria-hidden=\"true\" class=\"e-font-icon-svg e-fas-arrow-right\" viewbox=\"0 0 448 512\" xmlns=\"http:\/\/www.w3.org\/2000\/svg\"><path d=\"M190.5 66.9l22.2-22.2c9.4-9.4 24.6-9.4 33.9 0L441 239c9.4 9.4 9.4 24.6 0 33.9L246.6 467.3c-9.4 9.4-24.6 9.4-33.9 0l-22.2-22.2c-9.5-9.5-9.3-25 .4-34.3L311.4 296H24c-13.3 0-24-10.7-24-24v-32c0-13.3 10.7-24 24-24h287.4L190.9 101.2c-9.8-9.3-10-24.8-.4-34.3z\"><\/path><\/svg><\/a>\n            <\/div>\n\t\t\t\t\t\t<\/div><\/div>\n                <\/article><article class=\"jkit-post post-20 post type-post status-publish format-standard has-post-thumbnail hentry category-artigos\">\n                    <div class=\"jkit-thumb\"><a aria-label=\"El escenario ideal para ensayos de boda rodeado de naturaleza e historia\" href=\"https:\/\/hotelvilladotanque.com.br\/es\/artigos\/o-cenario-dos-sonhos-para-ensaios-de-casamento-em-meio-a-natureza-e-historia\/\"><div class=\"thumbnail-container\">\n            <img loading=\"lazy\" decoding=\"async\" width=\"1440\" height=\"960\" src=\"https:\/\/hotelvilladotanque.com.br\/wp-content\/uploads\/2018\/02\/Photo-by-Studio-Alternativa-on-October-09-2024.-Pode-ser-uma-imagem-de-1-pessoa-pessoas-se-beijando-casamento-e-ao-ar-livre.jpg\" class=\"attachment-full size-full wp-post-image\" alt=\"\" srcset=\"https:\/\/hotelvilladotanque.com.br\/wp-content\/uploads\/2018\/02\/Photo-by-Studio-Alternativa-on-October-09-2024.-Pode-ser-uma-imagem-de-1-pessoa-pessoas-se-beijando-casamento-e-ao-ar-livre.jpg 1440w, https:\/\/hotelvilladotanque.com.br\/wp-content\/uploads\/2018\/02\/Photo-by-Studio-Alternativa-on-October-09-2024.-Pode-ser-uma-imagem-de-1-pessoa-pessoas-se-beijando-casamento-e-ao-ar-livre-300x200.jpg 300w, https:\/\/hotelvilladotanque.com.br\/wp-content\/uploads\/2018\/02\/Photo-by-Studio-Alternativa-on-October-09-2024.-Pode-ser-uma-imagem-de-1-pessoa-pessoas-se-beijando-casamento-e-ao-ar-livre-768x512.jpg 768w, https:\/\/hotelvilladotanque.com.br\/wp-content\/uploads\/2018\/02\/Photo-by-Studio-Alternativa-on-October-09-2024.-Pode-ser-uma-imagem-de-1-pessoa-pessoas-se-beijando-casamento-e-ao-ar-livre-1024x683.jpg 1024w, https:\/\/hotelvilladotanque.com.br\/wp-content\/uploads\/2018\/02\/Photo-by-Studio-Alternativa-on-October-09-2024.-Pode-ser-uma-imagem-de-1-pessoa-pessoas-se-beijando-casamento-e-ao-ar-livre-80x53.jpg 80w, https:\/\/hotelvilladotanque.com.br\/wp-content\/uploads\/2018\/02\/Photo-by-Studio-Alternativa-on-October-09-2024.-Pode-ser-uma-imagem-de-1-pessoa-pessoas-se-beijando-casamento-e-ao-ar-livre-18x12.jpg 18w\" sizes=\"auto, (max-width: 1440px) 100vw, 1440px\" \/>\n        <\/div><\/a><\/div>\n                    <div class=\"jkit-postblock-content\"><p class=\"jkit-post-title\">\n\t\t\t\t\t\t\t<a href=\"https:\/\/hotelvilladotanque.com.br\/es\/artigos\/o-cenario-dos-sonhos-para-ensaios-de-casamento-em-meio-a-natureza-e-historia\/\">El escenario ideal para ensayos de boda rodeado de naturaleza e historia<\/a>\n\t\t\t\t\t\t<\/p><div class=\"jkit-post-meta\"><div class=\"jkit-meta-author icon-position-before\"><span class=\"by\"><\/span><a href=\"https:\/\/hotelvilladotanque.com.br\/es\/author\/villadotanque\/\">Hotel Villa do Tanque<\/a><\/div><div class=\"jkit-meta-date icon-position-before\"><svg aria-hidden=\"true\" class=\"e-font-icon-svg e-fas-clock\" viewbox=\"0 0 512 512\" xmlns=\"http:\/\/www.w3.org\/2000\/svg\"><path d=\"M256,8C119,8,8,119,8,256S119,504,256,504,504,393,504,256,393,8,256,8Zm92.49,313h0l-20,25a16,16,0,0,1-22.49,2.5h0l-67-49.72a40,40,0,0,1-15-31.23V112a16,16,0,0,1,16-16h32a16,16,0,0,1,16,16V256l58,42.5A16,16,0,0,1,348.49,321Z\"><\/path><\/svg>17\/02\/2018<\/div><\/div><div class=\"jkit-post-excerpt\"><p>El Hotel Villa do Tanque es perfecto para parejas que buscan un entorno rom\u00e1ntico y \u00fanico para sus sesiones fotogr\u00e1ficas.<\/p><\/div><div class=\"jkit-post-meta-bottom\">\n\t\t\t\t\t\t\t<div class=\"jkit-meta-readmore icon-position-after\">\n                <a title=\"El escenario ideal para ensayos de boda rodeado de naturaleza e historia\" href=\"https:\/\/hotelvilladotanque.com.br\/es\/artigos\/o-cenario-dos-sonhos-para-ensaios-de-casamento-em-meio-a-natureza-e-historia\/\" class=\"jkit-readmore\">Leer m\u00e1s<svg aria-hidden=\"true\" class=\"e-font-icon-svg e-fas-arrow-right\" viewbox=\"0 0 448 512\" xmlns=\"http:\/\/www.w3.org\/2000\/svg\"><path d=\"M190.5 66.9l22.2-22.2c9.4-9.4 24.6-9.4 33.9 0L441 239c9.4 9.4 9.4 24.6 0 33.9L246.6 467.3c-9.4 9.4-24.6 9.4-33.9 0l-22.2-22.2c-9.5-9.5-9.3-25 .4-34.3L311.4 296H24c-13.3 0-24-10.7-24-24v-32c0-13.3 10.7-24 24-24h287.4L190.9 101.2c-9.8-9.3-10-24.8-.4-34.3z\"><\/path><\/svg><\/a>\n            <\/div>\n\t\t\t\t\t\t<\/div><\/div>\n                <\/article>\n        <\/div><\/div><\/div>\t\t\t\t<\/div>\n\t\t\t\t<\/div>\n\t\t\t\t<\/div>\n\t\t\t\t<\/div>\n\t\t\t\t\t<\/div>\n\t\t\t\t<\/div>\n\t\t\t\t<\/div>","protected":false},"excerpt":{"rendered":"<p>Descubra dicas de viagem, curiosidades e novidades no nosso blog. Inspire-se para viver experi\u00eancias \u00fanicas em meio \u00e0 hist\u00f3ria e \u00e0 natureza. edit post Passeio a Cavalo: Uma Experi\u00eancia Inesquec\u00edvel em Meio \u00e0 Natureza Hotel Villa do Tanque03\/12\/2024 O passeio a cavalo \u00e9 uma das experi\u00eancias mais encantadoras que oferecemos em nosso hotel fazenda. \u00c9 [&hellip;]<\/p>","protected":false},"author":1,"featured_media":0,"parent":0,"menu_order":0,"comment_status":"closed","ping_status":"closed","template":"","meta":{"footnotes":""},"class_list":["post-77","page","type-page","status-publish","hentry"],"_links":{"self":[{"href":"https:\/\/hotelvilladotanque.com.br\/es\/wp-json\/wp\/v2\/pages\/77","targetHints":{"allow":["GET"]}}],"collection":[{"href":"https:\/\/hotelvilladotanque.com.br\/es\/wp-json\/wp\/v2\/pages"}],"about":[{"href":"https:\/\/hotelvilladotanque.com.br\/es\/wp-json\/wp\/v2\/types\/page"}],"author":[{"embeddable":true,"href":"https:\/\/hotelvilladotanque.com.br\/es\/wp-json\/wp\/v2\/users\/1"}],"replies":[{"embeddable":true,"href":"https:\/\/hotelvilladotanque.com.br\/es\/wp-json\/wp\/v2\/comments?post=77"}],"version-history":[{"count":22,"href":"https:\/\/hotelvilladotanque.com.br\/es\/wp-json\/wp\/v2\/pages\/77\/revisions"}],"predecessor-version":[{"id":4667,"href":"https:\/\/hotelvilladotanque.com.br\/es\/wp-json\/wp\/v2\/pages\/77\/revisions\/4667"}],"wp:attachment":[{"href":"https:\/\/hotelvilladotanque.com.br\/es\/wp-json\/wp\/v2\/media?parent=77"}],"curies":[{"name":"wp","href":"https:\/\/api.w.org\/{rel}","templated":true}]}}